{"id":429,"date":"2020-12-30T15:23:58","date_gmt":"2020-12-30T15:23:58","guid":{"rendered":"http:\/\/turbienchen.info\/?page_id=429"},"modified":"2025-09-10T19:47:06","modified_gmt":"2025-09-10T19:47:06","slug":"impressum","status":"publish","type":"page","link":"https:\/\/turbienchen.info\/en\/impressum\/","title":{"rendered":"imprint"},"content":{"rendered":"<h4>service provider<\/h4>\n<p>TurBienchen eV<br \/>Dachauer Strasse 665<br \/>80995 Munich<\/p>\n<h4><strong>Authorized Representatives<\/strong><\/h4>\n<p>Chairman of the Board: Nicole Feiling<br \/>Human Resources Director: Christian Kaufmann<br \/>Chief Financial Officer: Annika Haberkorn<\/p>\n<h4>Contact<\/h4>\n<p>Telephone: 089\/1489\u00a0<span style=\"color: var(--nv-text-color); font-family: var(--bodyfontfamily); font-size: var(--bodyfontsize); letter-spacing: var(--bodyletterspacing); text-transform: var(--bodytexttransform); background-color: var(--nv-site-bg);\">5966<\/span><\/p>\n<p>E-mail: <a href=\"mailto:vorstand@turbienchen.de\">vorstand@turbienchen.de<\/a><\/p>\n<p><strong>registry court<\/strong>: Register of associations at the District Court of Munich<\/p>\n<p><strong>registration number<\/strong>:\u00a0 \u00a0\u00a0 17444<\/p>\n<p><strong>Sales tax identification number according to \u00a7 27 a sales tax law<\/strong><strong>: <\/strong>DE 143\/223\/10111<\/p>\n<h5><strong>Liability for content<\/strong><\/h5>\n<p>As a service provider, we are responsible for our own content on these pages according to Section 7, Paragraph 1 of the German Telemedia Act (TMG). According to \u00a7\u00a7 8 to 10 TMG, however, we as a service provider are not obliged to monitor transmitted or stored third-party information or to investigate circumstances that indicate illegal activity.<br \/>Obligations to remove or block the use of information according to general laws remain unaffected. However, liability in this regard is only possible from the point in time at which knowledge of a specific infringement of the law is known. As soon as we become aware of any violations of the law, we will remove this content immediately.<\/p>\n<h5><strong>Disclaimer<\/strong><\/h5>\n<p>We have compiled and checked all information provided on this website to the best of our knowledge and belief. However, we cannot guarantee that the information provided is up-to-date, correct, complete and available at all times. A contractual relationship with the users of the website does not come about.<\/p>\n<p>We are not liable for damage caused by the use of this website. We accept no liability for any damage caused by malware when accessing or downloading data or installing or using software.<\/p>\n<h5><strong>Liability for links<\/strong><\/h5>\n<p>Our offer contains links to external third-party websites, the content of which we have no influence on. Through these links, we only enable access to the use of third-party content in accordance with \u00a7 8 TMG. When we first linked to this website, we checked this third-party content to determine whether it could result in civil or criminal liability. However, we cannot constantly check this third-party content for changes and therefore assume no responsibility for it. As soon as we become aware of legal violations, we will remove such links immediately. The respective provider of the site is solely liable for illegal, incorrect or incomplete content and in particular for damage resulting from the use or non-use of information provided by third parties.<\/p>\n<h5><strong>copyright<\/strong><\/h5>\n<p>Insofar as the content on this site was not created by the operator, the copyrights of third parties are observed. In particular contents of third parties are marked as such. Should you nevertheless become aware of a copyright infringement, we ask that you inform us accordingly. As soon as we become aware of legal violations, we will remove such content immediately.<\/p>\n\n\n<h5 class=\"wp-block-heading\">Competent supervisory authority<\/h5>\n\n\n\n<p>School and Cultural Affairs Department of the State Capital of Munich<\/p>","protected":false},"excerpt":{"rendered":"<p>Dienstanbieter TurBienchen e.V.Dachauer Strasse 66580995 M\u00fcnchen Vertretungsberechtigte Personen Vorstandsvorsitzender: Nicole FeilingVorstand Personal: Christian KaufmannVorstand Finanzen: Annika Haberkorn Kontakt Telefon: 089\/1489\u00a05966 E-Mail: vorstand@turbienchen.de Registergericht:\u00a0\u00a0\u00a0\u00a0\u00a0\u00a0 Vereinsregister beim Amtsgericht M\u00fcnchen Registernummer:\u00a0 \u00a0\u00a0 17444 Umsatzsteuer-Identifikationsnummer gem. \u00a7 27 a Umsatzsteuergesetz: DE 143\/223\/10111 Haftung f\u00fcr Inhalte Als Diensteanbieter sind wir gem\u00e4\u00df \u00a7 7 Abs.1 TMG f\u00fcr eigene Inhalte auf diesen&hellip;&nbsp;<a href=\"https:\/\/turbienchen.info\/en\/impressum\/\" rel=\"bookmark\">read more<span class=\"screen-reader-text\">imprint<\/span><\/a><\/p>","protected":false},"author":1,"featured_media":0,"parent":0,"menu_order":0,"comment_status":"closed","ping_status":"closed","template":"","meta":{"neve_meta_sidebar":"","neve_meta_container":"","neve_meta_enable_content_width":"","neve_meta_content_width":0,"neve_meta_title_alignment":"","neve_meta_author_avatar":"","neve_post_elements_order":"","neve_meta_disable_header":"","neve_meta_disable_footer":"","neve_meta_disable_title":"","_themeisle_gutenberg_block_has_review":false,"footnotes":""},"class_list":["post-429","page","type-page","status-publish","hentry"],"_links":{"self":[{"href":"https:\/\/turbienchen.info\/en\/wp-json\/wp\/v2\/pages\/429","targetHints":{"allow":["GET"]}}],"collection":[{"href":"https:\/\/turbienchen.info\/en\/wp-json\/wp\/v2\/pages"}],"about":[{"href":"https:\/\/turbienchen.info\/en\/wp-json\/wp\/v2\/types\/page"}],"author":[{"embeddable":true,"href":"https:\/\/turbienchen.info\/en\/wp-json\/wp\/v2\/users\/1"}],"replies":[{"embeddable":true,"href":"https:\/\/turbienchen.info\/en\/wp-json\/wp\/v2\/comments?post=429"}],"version-history":[{"count":11,"href":"https:\/\/turbienchen.info\/en\/wp-json\/wp\/v2\/pages\/429\/revisions"}],"predecessor-version":[{"id":1843,"href":"https:\/\/turbienchen.info\/en\/wp-json\/wp\/v2\/pages\/429\/revisions\/1843"}],"wp:attachment":[{"href":"https:\/\/turbienchen.info\/en\/wp-json\/wp\/v2\/media?parent=429"}],"curies":[{"name":"wp","href":"https:\/\/api.w.org\/{rel}","templated":true}]}}