{"id":182,"date":"2020-10-21T17:29:39","date_gmt":"2020-10-21T17:29:39","guid":{"rendered":"http:\/\/beatah.sgedu.site\/?page_id=182"},"modified":"2023-01-10T09:17:43","modified_gmt":"2023-01-10T09:17:43","slug":"kontakt","status":"publish","type":"page","link":"https:\/\/turbienchen.info\/en\/kontakt\/","title":{"rendered":"Contact"},"content":{"rendered":"\t\t<div data-elementor-type=\"wp-page\" data-elementor-id=\"182\" class=\"elementor elementor-182\">\n\t\t\t\t\t\t<section class=\"elementor-section elementor-top-section elementor-element elementor-element-3594a494 elementor-section-boxed elementor-section-height-default elementor-section-height-default\" data-id=\"3594a494\" data-element_type=\"section\" data-e-type=\"section\">\n\t\t\t\t\t\t<div class=\"elementor-container elementor-column-gap-default\">\n\t\t\t\t\t<div class=\"elementor-column elementor-col-100 elementor-top-column elementor-element elementor-element-5f957add\" data-id=\"5f957add\" data-element_type=\"column\" data-e-type=\"column\">\n\t\t\t<div class=\"elementor-widget-wrap elementor-element-populated\">\n\t\t\t\t\t\t<div class=\"elementor-element elementor-element-274e9a1b elementor-widget elementor-widget-text-editor\" data-id=\"274e9a1b\" data-element_type=\"widget\" data-e-type=\"widget\" data-widget_type=\"text-editor.default\">\n\t\t\t\t<div class=\"elementor-widget-container\">\n\t\t\t\t\t\t\t\t\t\n<p>\u00a0<\/p>\n\n<p><iframe style=\"border: 0;\" tabindex=\"0\" src=\"https:\/\/www.google.com\/maps\/embed?pb=!1m18!1m12!1m3!1d2658.625664496302!2d11.479640007019052!3d48.21382580043665!2m3!1f0!2f0!3f0!3m2!1i1024!2i768!4f13.1!3m3!1m2!1s0x479e775a1f6ae403%3A0xe2811ef9a04be84b!2sTurBienchen%20e.V.!5e0!3m2!1sde!2sde!4v1604268848669!5m2!1sde!2sde\" width=\"600\" height=\"450\" frameborder=\"0\" allowfullscreen=\"allowfullscreen\" aria-hidden=\"false\"><\/iframe><\/p>\n\n<div class=\"wp-block-contact-form-7-contact-form-selector\">\u00a0<\/div>\n\t\t\t\t\t\t\t\t<\/div>\n\t\t\t\t<\/div>\n\t\t\t\t<div class=\"elementor-element elementor-element-ff92e74 black-label elementor-widget elementor-widget-wpforms\" data-id=\"ff92e74\" data-element_type=\"widget\" data-e-type=\"widget\" data-widget_type=\"wpforms.default\">\n\t\t\t\t<div class=\"elementor-widget-container\">\n\t\t\t\t\t<div class=\"wpforms-container wpforms-container-full wpforms-render-modern\" id=\"wpforms-1053\"><form id=\"wpforms-form-1053\" class=\"wpforms-validate wpforms-form\" data-formid=\"1053\" method=\"post\" enctype=\"multipart\/form-data\" action=\"\/en\/wp-json\/wp\/v2\/pages\/182\" data-token=\"5eaba4a466355ffb8ace8606ee1cd3a5\" data-token-time=\"1776949246\"><noscript class=\"wpforms-error-noscript\">Please enable JavaScript in your browser to complete this form.<\/noscript><div id=\"wpforms-error-noscript\" style=\"display: none;\">Please enable JavaScript in your browser to complete this form.<\/div><div class=\"wpforms-field-container\"><div id=\"wpforms-1053-field_0-container\" class=\"wpforms-field wpforms-field-name\" data-field-id=\"0\"><fieldset><legend class=\"wpforms-field-label\">Name <span class=\"wpforms-required-label\" aria-hidden=\"true\">*<\/span><\/legend><div class=\"wpforms-field-row wpforms-field-medium\"><div class=\"wpforms-field-row-block wpforms-first wpforms-one-half\"><input type=\"text\" id=\"wpforms-1053-field_0\" class=\"wpforms-field-name-first wpforms-field-required\" name=\"wpforms[fields][0][first]\" aria-errormessage=\"wpforms-1053-field_0-error\" required><label for=\"wpforms-1053-field_0\" class=\"wpforms-field-sublabel after\">First<\/label><\/div><div class=\"wpforms-field-row-block wpforms-one-half\"><input type=\"text\" id=\"wpforms-1053-field_0-last\" class=\"wpforms-field-name-last wpforms-field-required\" name=\"wpforms[fields][0][last]\" aria-errormessage=\"wpforms-1053-field_0-last-error\" required><label for=\"wpforms-1053-field_0-last\" class=\"wpforms-field-sublabel after\">Last<\/label><\/div><\/div><\/fieldset><\/div><div id=\"wpforms-1053-field_1-container\" class=\"wpforms-field wpforms-field-email\" data-field-id=\"1\"><label class=\"wpforms-field-label\" for=\"wpforms-1053-field_1\">E-Mail <span class=\"wpforms-required-label\" aria-hidden=\"true\">*<\/span><\/label><input type=\"email\" id=\"wpforms-1053-field_1\" class=\"wpforms-field-medium wpforms-field-required\" name=\"wpforms[fields][1]\" spellcheck=\"false\" aria-errormessage=\"wpforms-1053-field_1-error\" required><\/div><div id=\"wpforms-1053-field_4-container\" class=\"wpforms-field wpforms-field-text\" data-field-id=\"4\"><label class=\"wpforms-field-label\" for=\"wpforms-1053-field_4\">Betreff <span class=\"wpforms-required-label\" aria-hidden=\"true\">*<\/span><\/label><input type=\"text\" id=\"wpforms-1053-field_4\" class=\"wpforms-field-medium wpforms-field-required\" name=\"wpforms[fields][4]\" aria-errormessage=\"wpforms-1053-field_4-error\" required><\/div><div id=\"wpforms-1053-field_2-container\" class=\"wpforms-field wpforms-field-textarea after-text\" data-field-id=\"2\"><label class=\"wpforms-field-label\" for=\"wpforms-1053-field_2\">Kommentar oder Nachricht <span class=\"wpforms-required-label\" aria-hidden=\"true\">*<\/span><\/label><textarea id=\"wpforms-1053-field_2\" class=\"wpforms-field-medium wpforms-field-required\" name=\"wpforms[fields][2]\" aria-errormessage=\"wpforms-1053-field_2-error\" aria-describedby=\"wpforms-1053-field_2-description\" required><\/textarea><div id=\"wpforms-1053-field_2-description\" class=\"wpforms-field-description\">(Bitte haben Sie Verst\u00e4ndnis daf\u00fcr, dass wir aus Kapazit\u00e4tsgr\u00fcnden\r\nkeine Vorabanfragen zu m\u00f6glichen freien Pl\u00e4tzen oder dem Prozedere rund um die Platzvergabe\r\nmehr beantworten. Unser transparenter Platzvergabeprozess ist \u00fcber unsere Gesch\u00e4ftsordnung\r\ngeregelt, die Sie im Downloadbereich finden. Sollten Sie an einem Platz f\u00fcr Ihr Kind interessiert sein,\r\nmelden Sie Ihr Kind bitte ordnungsgem\u00e4\u00df \u00fcber unser Anmeldeformular im <a href=\"\/download\/\">Downloadbereich<\/a> an.)<\/div><\/div><\/div><!-- .wpforms-field-container --><div class=\"wpforms-recaptcha-container wpforms-is-recaptcha wpforms-is-recaptcha-type-v3\" ><input type=\"hidden\" name=\"wpforms[recaptcha]\" value=\"\"><\/div><div class=\"wpforms-submit-container\" ><input type=\"hidden\" name=\"wpforms[id]\" value=\"1053\"><input type=\"hidden\" name=\"page_title\" value=\"\"><input type=\"hidden\" name=\"page_url\" value=\"https:\/\/turbienchen.info\/en\/wp-json\/wp\/v2\/pages\/182\"><input type=\"hidden\" name=\"url_referer\" value=\"\"><button type=\"submit\" name=\"wpforms[submit]\" id=\"wpforms-submit-1053\" class=\"wpforms-submit mein-absenden-button\" data-alt-text=\"Senden...\" data-submit-text=\"Senden\" aria-live=\"assertive\" value=\"wpforms-submit\">Senden<\/button><\/div><\/form><\/div>  <!-- .wpforms-container -->\t\t\t\t<\/div>\n\t\t\t\t<\/div>\n\t\t\t\t\t<\/div>\n\t\t<\/div>\n\t\t\t\t\t<\/div>\n\t\t<\/section>\n\t\t\t\t<\/div>\n\t\t","protected":false},"excerpt":{"rendered":"<p>&nbsp;<\/p>","protected":false},"author":1,"featured_media":0,"parent":0,"menu_order":0,"comment_status":"closed","ping_status":"closed","template":"","meta":{"neve_meta_sidebar":"","neve_meta_container":"","neve_meta_enable_content_width":"","neve_meta_content_width":0,"neve_meta_title_alignment":"","neve_meta_author_avatar":"","neve_post_elements_order":"","neve_meta_disable_header":"","neve_meta_disable_footer":"","neve_meta_disable_title":"","_themeisle_gutenberg_block_has_review":false,"footnotes":""},"class_list":["post-182","page","type-page","status-publish","hentry"],"_links":{"self":[{"href":"https:\/\/turbienchen.info\/en\/wp-json\/wp\/v2\/pages\/182","targetHints":{"allow":["GET"]}}],"collection":[{"href":"https:\/\/turbienchen.info\/en\/wp-json\/wp\/v2\/pages"}],"about":[{"href":"https:\/\/turbienchen.info\/en\/wp-json\/wp\/v2\/types\/page"}],"author":[{"embeddable":true,"href":"https:\/\/turbienchen.info\/en\/wp-json\/wp\/v2\/users\/1"}],"replies":[{"embeddable":true,"href":"https:\/\/turbienchen.info\/en\/wp-json\/wp\/v2\/comments?post=182"}],"version-history":[{"count":33,"href":"https:\/\/turbienchen.info\/en\/wp-json\/wp\/v2\/pages\/182\/revisions"}],"predecessor-version":[{"id":1410,"href":"https:\/\/turbienchen.info\/en\/wp-json\/wp\/v2\/pages\/182\/revisions\/1410"}],"wp:attachment":[{"href":"https:\/\/turbienchen.info\/en\/wp-json\/wp\/v2\/media?parent=182"}],"curies":[{"name":"wp","href":"https:\/\/api.w.org\/{rel}","templated":true}]}}